{"id":72,"date":"2018-11-13T22:21:07","date_gmt":"2018-11-13T22:21:07","guid":{"rendered":"http:\/\/pvsmailberg.ac.at\/?page_id=72"},"modified":"2024-12-29T00:57:57","modified_gmt":"2024-12-28T23:57:57","slug":"startseite","status":"publish","type":"page","link":"https:\/\/pvsmailberg.ac.at\/","title":{"rendered":"HERZLICH WILLKOMMEN"},"content":{"rendered":"<h3>&#8230; in der Privatvolksschule Mailberg<\/h3>\n<h3>des Souver\u00e4nen Malteser Ritterordens!<\/h3>\n<p>&nbsp;<\/p>\n<p><span style=\"font-size: 20px;\">Die Privatvolksschule Mailberg ist schulgeldfrei und besitzt das \u00d6ffentlichkeitsrecht. Eine Privatschule ohne Schulgeld klingt im ersten Moment sicherlich ungew\u00f6hnlich. Welcher Grund dahinter steckt, kann gerne auf diesen Webseiten erforscht werden. <\/span><\/p>\n<p><span style=\"font-size: 20px;\">Seien Sie eingeladen, sich ein Bild von der <\/span><span style=\"font-size: 20px;\">Privatvolksschule Mailberg des Souver\u00e4nen Malteser Ritterordens zu machen.<\/span><\/p>\n<p>&nbsp;<\/p>\n<p><span style=\"font-size: 20px;\">Liebe Gr\u00fc\u00dfe<\/span><\/p>\n<p><img loading=\"lazy\" decoding=\"async\" class=\"alignnone wp-image-309\" src=\"https:\/\/pvsmailberg.ac.at\/wp-content\/uploads\/2024\/09\/Unterschrift2-300x107.jpg\" alt=\"\" width=\"193\" height=\"69\" srcset=\"https:\/\/pvsmailberg.ac.at\/wp-content\/uploads\/2024\/09\/Unterschrift2-300x107.jpg 300w, https:\/\/pvsmailberg.ac.at\/wp-content\/uploads\/2024\/09\/Unterschrift2.jpg 304w\" sizes=\"(max-width: 193px) 100vw, 193px\" \/><\/p>\n<p><span style=\"font-size: 20px;\">Schulleiter Henrik Blumenthal<\/span><\/p>\n","protected":false},"excerpt":{"rendered":"<p>&#8230; in der Privatvolksschule Mailberg des Souver\u00e4nen Malteser Ritterordens! &nbsp; Die Privatvolksschule Mailberg ist schulgeldfrei und besitzt das \u00d6ffentlichkeitsrecht. Eine Privatschule ohne Schulgeld klingt im ersten Moment sicherlich ungew\u00f6hnlich. Welcher Grund dahinter steckt, kann gerne auf diesen Webseiten erforscht werden. Seien Sie eingeladen, sich ein Bild von der Privatvolksschule Mailberg<\/p>\n","protected":false},"author":1,"featured_media":0,"parent":0,"menu_order":0,"comment_status":"closed","ping_status":"closed","template":"","meta":{"footnotes":""},"class_list":["post-72","page","type-page","status-publish","hentry"],"_links":{"self":[{"href":"https:\/\/pvsmailberg.ac.at\/index.php?rest_route=\/wp\/v2\/pages\/72"}],"collection":[{"href":"https:\/\/pvsmailberg.ac.at\/index.php?rest_route=\/wp\/v2\/pages"}],"about":[{"href":"https:\/\/pvsmailberg.ac.at\/index.php?rest_route=\/wp\/v2\/types\/page"}],"author":[{"embeddable":true,"href":"https:\/\/pvsmailberg.ac.at\/index.php?rest_route=\/wp\/v2\/users\/1"}],"replies":[{"embeddable":true,"href":"https:\/\/pvsmailberg.ac.at\/index.php?rest_route=%2Fwp%2Fv2%2Fcomments&post=72"}],"version-history":[{"count":22,"href":"https:\/\/pvsmailberg.ac.at\/index.php?rest_route=\/wp\/v2\/pages\/72\/revisions"}],"predecessor-version":[{"id":374,"href":"https:\/\/pvsmailberg.ac.at\/index.php?rest_route=\/wp\/v2\/pages\/72\/revisions\/374"}],"wp:attachment":[{"href":"https:\/\/pvsmailberg.ac.at\/index.php?rest_route=%2Fwp%2Fv2%2Fmedia&parent=72"}],"curies":[{"name":"wp","href":"https:\/\/api.w.org\/{rel}","templated":true}]}}